{"id":380,"date":"2025-12-15T17:35:00","date_gmt":"2025-12-15T17:35:00","guid":{"rendered":"https:\/\/trottistreetfun.me\/?page_id=380"},"modified":"2026-01-11T20:33:52","modified_gmt":"2026-01-11T20:33:52","slug":"mentions-legales","status":"publish","type":"page","link":"https:\/\/trottistreetfun.me\/en\/mentions-legales\/","title":{"rendered":"Terms of use"},"content":{"rendered":"\t\t<div data-elementor-type=\"wp-page\" data-elementor-id=\"380\" class=\"elementor elementor-380\">\n\t\t\t\t<div class=\"elementor-element elementor-element-ffe57da e-flex e-con-boxed e-con e-parent\" data-id=\"ffe57da\" data-element_type=\"container\" data-e-type=\"container\">\n\t\t\t\t\t<div class=\"e-con-inner\">\n\t\t\t\t<div class=\"elementor-element elementor-element-f641965 elementor-widget elementor-widget-text-editor\" data-id=\"f641965\" data-element_type=\"widget\" data-e-type=\"widget\" data-widget_type=\"text-editor.default\">\n\t\t\t\t\t\t\t\t\t<p><\/p><main class=\"svelte-iu2jlu\"><\/main><p><\/p><div class=\"vtmn-flex vtmn-flex-row vtmn-flex-wrap vtmn-mb-6 gt-mobile:vtmn-mb-7 gt-tablet:vtmn-mb-8 gt-small-desktop:vtmn-mb-9 container\"><p><strong>Mentions l\u00e9gales<\/strong><\/p><p>Le site www.trottistreetfun.me (ci-apr\u00e8s le \u00ab Site \u00bb) est \u00e9dit\u00e9 par Trotti Street Fun,<br \/>Statut juridique : [auto-entrepreneur \/ association \/ soci\u00e9t\u00e9 \u2013 \u00e0 pr\u00e9ciser],<br \/>Capital social : [si soci\u00e9t\u00e9],<br \/>dont le si\u00e8ge social est situ\u00e9 [adresse compl\u00e8te],<br \/>immatricul\u00e9(e) au Registre du Commerce et des Soci\u00e9t\u00e9s de [ville] sous le num\u00e9ro [RCS ou SIREN].<br \/>N\u00b0 TVA intracommunautaire : [si applicable].<\/p><p>Num\u00e9ro de t\u00e9l\u00e9phone : [num\u00e9ro]<br \/>Adresse e-mail : [email de contact]<\/p><p>Directeur de la publication : [Nom et pr\u00e9nom].<\/p><p><b>Contact<\/b><\/p><p>Le service de contact du site www.trottistreetfun.me est joignable par e-mail \u00e0 l\u2019adresse [email de contact], par t\u00e9l\u00e9phone au [num\u00e9ro], via le formulaire de contact du Site le cas \u00e9ch\u00e9ant, ou par voie postale \u00e0 l\u2019adresse suivante : [adresse postale].<\/p><p><b>H\u00e9bergeur<\/b><\/p><p>Le Site est h\u00e9berg\u00e9 par :<br \/>[Nom de l\u2019h\u00e9bergeur],<br \/>Adresse : [adresse compl\u00e8te],<br \/>T\u00e9l\u00e9phone : [num\u00e9ro],<br \/>Site web : [site de l\u2019h\u00e9bergeur].<\/p><p><strong>Protection des donn\u00e9es personnelles<\/strong><\/p><p>Trotti Street Fun s\u2019engage \u00e0 ce que la collecte et le traitement des donn\u00e9es personnelles des utilisateurs du Site soient conformes au R\u00e8glement G\u00e9n\u00e9ral sur la Protection des Donn\u00e9es (RGPD) et \u00e0 la loi Informatique et Libert\u00e9s.<\/p><p>Les donn\u00e9es collect\u00e9es via le Site sont utilis\u00e9es exclusivement dans le cadre des services propos\u00e9s, notamment pour les demandes de contact, de r\u00e9servation ou d\u2019information.<\/p><p>Conform\u00e9ment \u00e0 la r\u00e9glementation en vigueur, l\u2019utilisateur dispose d\u2019un droit d\u2019acc\u00e8s, de rectification, de suppression et d\u2019opposition concernant ses donn\u00e9es personnelles.<br \/>Ces droits peuvent \u00eatre exerc\u00e9s en contactant l\u2019\u00e9diteur \u00e0 l\u2019adresse suivante : [email RGPD].<\/p><p>La politique de confidentialit\u00e9 du Site est accessible depuis la page d\u00e9di\u00e9e.<\/p><p><strong>Cookies<\/strong><\/p><p>Le Site peut utiliser des cookies afin d\u2019am\u00e9liorer l\u2019exp\u00e9rience utilisateur et de mesurer l\u2019audience.<br \/>L\u2019utilisateur a la possibilit\u00e9 de configurer ou de refuser les cookies \u00e0 tout moment via les param\u00e8tres de son navigateur.<\/p><p>La politique relative aux cookies est accessible depuis la page d\u00e9di\u00e9e du Site.<\/p><p><strong>Propri\u00e9t\u00e9 intellectuelle<\/strong><\/p><p>Le Site ainsi que l\u2019ensemble de son contenu (textes, images, graphismes, logos, vid\u00e9os, ic\u00f4nes, sons, etc.) sont prot\u00e9g\u00e9s par les dispositions du Code de la propri\u00e9t\u00e9 intellectuelle et sont la propri\u00e9t\u00e9 exclusive de Trotti Street Fun, sauf mention contraire.<\/p><p>Toute reproduction, repr\u00e9sentation, modification ou exploitation, totale ou partielle, du contenu du Site, sans autorisation pr\u00e9alable \u00e9crite, est strictement interdite.<\/p><p><strong>Responsabilit\u00e9<\/strong><\/p><p>Trotti Street Fun s\u2019efforce d\u2019assurer l\u2019exactitude et la mise \u00e0 jour des informations diffus\u00e9es sur le Site. Toutefois, l\u2019\u00e9diteur ne saurait \u00eatre tenu responsable des erreurs, omissions ou d\u2019une indisponibilit\u00e9 temporaire du Site.<\/p><p>L\u2019utilisateur reconna\u00eet utiliser le Site sous sa responsabilit\u00e9 exclusive.<\/p><p><strong>Utilisation du site<\/strong><\/p><p>L\u2019utilisation du Site implique l\u2019acceptation pleine et enti\u00e8re des pr\u00e9sentes mentions l\u00e9gales ainsi que des Conditions G\u00e9n\u00e9rales d\u2019Utilisation accessibles sur le Site.<\/p><\/div>\t\t\t\t\t\t\t\t<\/div>\n\t\t\t\t\t<\/div>\n\t\t\t\t<\/div>\n\t\t\t\t<\/div>\n\t\t","protected":false},"excerpt":{"rendered":"<p>Mentions l\u00e9gales Le site www.trottistreetfun.me (ci-apr\u00e8s le \u00ab Site \u00bb) est \u00e9dit\u00e9 par Trotti Street Fun,Statut juridique : [auto-entrepreneur \/ association \/ soci\u00e9t\u00e9 \u2013 \u00e0 pr\u00e9ciser],Capital social : [si soci\u00e9t\u00e9],dont le si\u00e8ge social est situ\u00e9 [adresse compl\u00e8te],immatricul\u00e9(e) au Registre du Commerce et des Soci\u00e9t\u00e9s de [ville] sous le num\u00e9ro [RCS [&hellip;]<\/p>\n","protected":false},"author":2,"featured_media":0,"parent":0,"menu_order":0,"comment_status":"closed","ping_status":"closed","template":"page-templates\/template-pagebuilder-full-width.php","meta":{"footnotes":""},"class_list":["post-380","page","type-page","status-publish","hentry"],"yoast_head":"<!-- This site is optimized with the Yoast SEO plugin v27.4 - https:\/\/yoast.com\/product\/yoast-seo-wordpress\/ -->\n<title>Mentions l\u00e9gales - Projet TrottiWeb<\/title>\n<meta name=\"robots\" content=\"index, follow, max-snippet:-1, max-image-preview:large, max-video-preview:-1\" \/>\n<link rel=\"canonical\" href=\"https:\/\/trottistreetfun.me\/en\/mentions-legales\/\" \/>\n<meta property=\"og:locale\" content=\"en_US\" \/>\n<meta property=\"og:type\" content=\"article\" \/>\n<meta property=\"og:title\" content=\"Mentions l\u00e9gales - Projet TrottiWeb\" \/>\n<meta property=\"og:description\" content=\"Mentions l\u00e9gales Le site www.trottistreetfun.me (ci-apr\u00e8s le \u00ab Site \u00bb) est \u00e9dit\u00e9 par Trotti Street Fun,Statut juridique : [auto-entrepreneur \/ association \/ soci\u00e9t\u00e9 \u2013 \u00e0 pr\u00e9ciser],Capital social : [si soci\u00e9t\u00e9],dont le si\u00e8ge social est situ\u00e9 [adresse compl\u00e8te],immatricul\u00e9(e) au Registre du Commerce et des Soci\u00e9t\u00e9s de [ville] sous le num\u00e9ro [RCS [&hellip;]\" \/>\n<meta property=\"og:url\" content=\"https:\/\/trottistreetfun.me\/en\/mentions-legales\/\" \/>\n<meta property=\"og:site_name\" content=\"Projet TrottiWeb\" \/>\n<meta property=\"article:modified_time\" content=\"2026-01-11T20:33:52+00:00\" \/>\n<meta name=\"twitter:card\" content=\"summary_large_image\" \/>\n<meta name=\"twitter:label1\" content=\"Est. reading time\" \/>\n\t<meta name=\"twitter:data1\" content=\"3 minutes\" \/>\n<script type=\"application\/ld+json\" class=\"yoast-schema-graph\">{\"@context\":\"https:\\\/\\\/schema.org\",\"@graph\":[{\"@type\":\"WebPage\",\"@id\":\"https:\\\/\\\/trottistreetfun.me\\\/mentions-legales\\\/\",\"url\":\"https:\\\/\\\/trottistreetfun.me\\\/mentions-legales\\\/\",\"name\":\"Mentions l\u00e9gales - Projet TrottiWeb\",\"isPartOf\":{\"@id\":\"https:\\\/\\\/trottistreetfun.me\\\/#website\"},\"datePublished\":\"2025-12-15T17:35:00+00:00\",\"dateModified\":\"2026-01-11T20:33:52+00:00\",\"breadcrumb\":{\"@id\":\"https:\\\/\\\/trottistreetfun.me\\\/mentions-legales\\\/#breadcrumb\"},\"inLanguage\":\"en-US\",\"potentialAction\":[{\"@type\":\"ReadAction\",\"target\":[\"https:\\\/\\\/trottistreetfun.me\\\/mentions-legales\\\/\"]}]},{\"@type\":\"BreadcrumbList\",\"@id\":\"https:\\\/\\\/trottistreetfun.me\\\/mentions-legales\\\/#breadcrumb\",\"itemListElement\":[{\"@type\":\"ListItem\",\"position\":1,\"name\":\"Accueil\",\"item\":\"https:\\\/\\\/trottistreetfun.me\\\/\"},{\"@type\":\"ListItem\",\"position\":2,\"name\":\"Mentions l\u00e9gales\"}]},{\"@type\":\"WebSite\",\"@id\":\"https:\\\/\\\/trottistreetfun.me\\\/#website\",\"url\":\"https:\\\/\\\/trottistreetfun.me\\\/\",\"name\":\"Projet TrottiWeb\",\"description\":\"Just another WordPress site\",\"publisher\":{\"@id\":\"https:\\\/\\\/trottistreetfun.me\\\/#organization\"},\"potentialAction\":[{\"@type\":\"SearchAction\",\"target\":{\"@type\":\"EntryPoint\",\"urlTemplate\":\"https:\\\/\\\/trottistreetfun.me\\\/?s={search_term_string}\"},\"query-input\":{\"@type\":\"PropertyValueSpecification\",\"valueRequired\":true,\"valueName\":\"search_term_string\"}}],\"inLanguage\":\"en-US\"},{\"@type\":\"Organization\",\"@id\":\"https:\\\/\\\/trottistreetfun.me\\\/#organization\",\"name\":\"Projet TrottiWeb\",\"url\":\"https:\\\/\\\/trottistreetfun.me\\\/\",\"logo\":{\"@type\":\"ImageObject\",\"inLanguage\":\"en-US\",\"@id\":\"https:\\\/\\\/trottistreetfun.me\\\/#\\\/schema\\\/logo\\\/image\\\/\",\"url\":\"https:\\\/\\\/trottistreetfun.me\\\/wp-content\\\/uploads\\\/2025\\\/12\\\/cropped-Logo.png\",\"contentUrl\":\"https:\\\/\\\/trottistreetfun.me\\\/wp-content\\\/uploads\\\/2025\\\/12\\\/cropped-Logo.png\",\"width\":148,\"height\":40,\"caption\":\"Projet TrottiWeb\"},\"image\":{\"@id\":\"https:\\\/\\\/trottistreetfun.me\\\/#\\\/schema\\\/logo\\\/image\\\/\"}}]}<\/script>\n<!-- \/ Yoast SEO plugin. -->","yoast_head_json":{"title":"Mentions l\u00e9gales - Projet TrottiWeb","robots":{"index":"index","follow":"follow","max-snippet":"max-snippet:-1","max-image-preview":"max-image-preview:large","max-video-preview":"max-video-preview:-1"},"canonical":"https:\/\/trottistreetfun.me\/en\/mentions-legales\/","og_locale":"en_US","og_type":"article","og_title":"Mentions l\u00e9gales - Projet TrottiWeb","og_description":"Mentions l\u00e9gales Le site www.trottistreetfun.me (ci-apr\u00e8s le \u00ab Site \u00bb) est \u00e9dit\u00e9 par Trotti Street Fun,Statut juridique : [auto-entrepreneur \/ association \/ soci\u00e9t\u00e9 \u2013 \u00e0 pr\u00e9ciser],Capital social : [si soci\u00e9t\u00e9],dont le si\u00e8ge social est situ\u00e9 [adresse compl\u00e8te],immatricul\u00e9(e) au Registre du Commerce et des Soci\u00e9t\u00e9s de [ville] sous le num\u00e9ro [RCS [&hellip;]","og_url":"https:\/\/trottistreetfun.me\/en\/mentions-legales\/","og_site_name":"Projet TrottiWeb","article_modified_time":"2026-01-11T20:33:52+00:00","twitter_card":"summary_large_image","twitter_misc":{"Est. reading time":"3 minutes"},"schema":{"@context":"https:\/\/schema.org","@graph":[{"@type":"WebPage","@id":"https:\/\/trottistreetfun.me\/mentions-legales\/","url":"https:\/\/trottistreetfun.me\/mentions-legales\/","name":"Mentions l\u00e9gales - Projet TrottiWeb","isPartOf":{"@id":"https:\/\/trottistreetfun.me\/#website"},"datePublished":"2025-12-15T17:35:00+00:00","dateModified":"2026-01-11T20:33:52+00:00","breadcrumb":{"@id":"https:\/\/trottistreetfun.me\/mentions-legales\/#breadcrumb"},"inLanguage":"en-US","potentialAction":[{"@type":"ReadAction","target":["https:\/\/trottistreetfun.me\/mentions-legales\/"]}]},{"@type":"BreadcrumbList","@id":"https:\/\/trottistreetfun.me\/mentions-legales\/#breadcrumb","itemListElement":[{"@type":"ListItem","position":1,"name":"Accueil","item":"https:\/\/trottistreetfun.me\/"},{"@type":"ListItem","position":2,"name":"Mentions l\u00e9gales"}]},{"@type":"WebSite","@id":"https:\/\/trottistreetfun.me\/#website","url":"https:\/\/trottistreetfun.me\/","name":"TrottiWeb project","description":"Just another WordPress site","publisher":{"@id":"https:\/\/trottistreetfun.me\/#organization"},"potentialAction":[{"@type":"SearchAction","target":{"@type":"EntryPoint","urlTemplate":"https:\/\/trottistreetfun.me\/?s={search_term_string}"},"query-input":{"@type":"PropertyValueSpecification","valueRequired":true,"valueName":"search_term_string"}}],"inLanguage":"en-US"},{"@type":"Organization","@id":"https:\/\/trottistreetfun.me\/#organization","name":"TrottiWeb project","url":"https:\/\/trottistreetfun.me\/","logo":{"@type":"ImageObject","inLanguage":"en-US","@id":"https:\/\/trottistreetfun.me\/#\/schema\/logo\/image\/","url":"https:\/\/trottistreetfun.me\/wp-content\/uploads\/2025\/12\/cropped-Logo.png","contentUrl":"https:\/\/trottistreetfun.me\/wp-content\/uploads\/2025\/12\/cropped-Logo.png","width":148,"height":40,"caption":"Projet TrottiWeb"},"image":{"@id":"https:\/\/trottistreetfun.me\/#\/schema\/logo\/image\/"}}]}},"_links":{"self":[{"href":"https:\/\/trottistreetfun.me\/en\/wp-json\/wp\/v2\/pages\/380","targetHints":{"allow":["GET"]}}],"collection":[{"href":"https:\/\/trottistreetfun.me\/en\/wp-json\/wp\/v2\/pages"}],"about":[{"href":"https:\/\/trottistreetfun.me\/en\/wp-json\/wp\/v2\/types\/page"}],"author":[{"embeddable":true,"href":"https:\/\/trottistreetfun.me\/en\/wp-json\/wp\/v2\/users\/2"}],"replies":[{"embeddable":true,"href":"https:\/\/trottistreetfun.me\/en\/wp-json\/wp\/v2\/comments?post=380"}],"version-history":[{"count":7,"href":"https:\/\/trottistreetfun.me\/en\/wp-json\/wp\/v2\/pages\/380\/revisions"}],"predecessor-version":[{"id":396,"href":"https:\/\/trottistreetfun.me\/en\/wp-json\/wp\/v2\/pages\/380\/revisions\/396"}],"wp:attachment":[{"href":"https:\/\/trottistreetfun.me\/en\/wp-json\/wp\/v2\/media?parent=380"}],"curies":[{"name":"wp","href":"https:\/\/api.w.org\/{rel}","templated":true}]}}